{"id":36,"date":"2025-07-02T14:18:16","date_gmt":"2025-07-02T12:18:16","guid":{"rendered":"https:\/\/metbuitennaarbinnen.wordpress.com\/?page_id=36"},"modified":"2026-04-02T13:55:25","modified_gmt":"2026-04-02T13:55:25","slug":"persoonlijk","status":"publish","type":"page","link":"https:\/\/metbuitennaarbinnen.nl\/index.php\/persoonlijk\/","title":{"rendered":"Persoonlijk"},"content":{"rendered":"\n<p>Hoi, ik ben Daan. Afgelopen jaren heb ik verschillende paden bewandeld, het ene pad kronkeliger dan het andere (zie ook mijn verhaal hieronder). Het heeft me gebracht tot het starten met: <em>Met buiten naar binnen<\/em>. Dit is voor mij de manier om mijn steentje bij te kunnen dragen aan een zachtere, liefdevollere wereld, waarin meer ruimte is voor verbinding. Verbinding met jezelf, verbinding met elkaar en verbinding met de natuur. De natuur heeft veel te bieden. Tal van wetenschappelijke onderzoeken benadrukken dat. Met mijn achtergrond als afgestudeerd masterpsycholoog en ervaringsdeskundige op het gebied van hoogsensitiviteit en introversie weet ik als geen ander hoe helend de natuur kan zijn. Die kennis en ervaringen laat ik terugkomen in de gepersonaliseerde natuurcoaching die ik anderen bied en in de po\u00ebzie die ik schrijf en voordraag. <\/p>\n\n\n\n<details class=\"wp-block-details is-layout-flow wp-block-details-is-layout-flow\"><summary><strong>Mijn verhaal: ik viel even om, maar raapte mezelf weer op<\/strong><\/summary>\n<p><strong>Leven of overleven?<\/strong><\/p>\n\n\n\n<p>Tijd om aan de slag te gaan, dacht ik na een masterstudie psychologie afgerond te hebben. Ik koos voor een baan als gedragsdeskundige op een school voor speciaal onderwijs \u2013 dat voelde als een logische stap, want mijn stage op een soortgelijke plek had ik als prettig ervaren.<\/p>\n\n\n\n<p>Maar al snel ontdekte ik dat het er anders aan toe ging dan tijdens de stage. Waar ik tijdens mijn stage meestal rustig op kantoor zat, met weinig prikkels en weinig sociale interactie, werd ik in mijn eerste echte baan direct ondergedompeld in de drukte van de dag. Een volle agenda, veel mensen, veel verwachtingen en continu \u201caan\u201d staan.<\/p>\n\n\n\n<p>Ik moest erg wennen en kwam naarmate de werkweek vorderde steeds vermoeider thuis. Hoofdpijn en soms zelfs geen puf om ook maar een woord uit te brengen of nog een kleine wandeling te maken. Iedereen die ik er toen over sprak, zei dat het altijd even wennen is op een nieuwe plek. Daar hield ik me aan vast. Het leek me het enige logische wat ik kon doen, want tenslotte is dat hoe we (on)bewust opgevoed worden: je studeert, kiest een baan die daarbij past, pakt andere volwassen rollen op en blijft werken tot je met pensioen gaat. Onderweg vergat ik echter mezelf.<\/p>\n\n\n\n<p>Ik dacht: ik red dit wel. Maar ik vergat daarbij dat het niet om overleven maar om leven draait.<\/p>\n\n\n\n<p><strong>Een gevoelig systeem in een drukke wereld<\/strong><\/p>\n\n\n\n<p>Ik kreeg meer signalen van m\u2019n lichaam dat er iets niet goed zat. M\u2019n hoofd zat steeds voller en de lichamelijke klachten en vermoeidheid namen toe. Denken kon ik altijd goed, maar contact maken met m\u2019n lichaam ging me steeds minder goed af. Er was steeds minder energie en ruimte voor mezelf en anderen. Ik viel even om, maar raapte mezelf weer op.<\/p>\n\n\n\n<p>Ik begon terug te keren \u2013 of juist vooruit \u2013 naar mezelf.<\/p>\n\n\n\n<p>Als kind wist ik al dat ik introvert was. Anderen leken meer behoefte te hebben aan oppervlakkig contact en aan sociale activiteiten buitenshuis te doen. Maar ik merkte dat ik daar vaak geen energie van kreeg. Ik had meer behoefte aan alleen tijd om tot mezelf te komen en op te laden na een lange schooldag. Met terugwerkende kracht realiseerde ik me ook dat ik altijd al sensitiever ben geweest dan gemiddeld. Stilte en rust hadden altijd mijn voorkeur, wat past bij mijn introverte zelf, maar het bleek ook noodzaak te zijn om die voldoende te nemen om alles te verwerken en een plekje te kunnen geven. Die gevoeligheid voor fel licht, harde geluiden, drukke omgevingen en een volle agenda waren er altijd al geweest, maar ik liep op een doodlopend pad toen ik dat alles in het kwadraat tegenkwam in m\u2019n eerste serieuze baan.<\/p>\n\n\n\n<p><strong>De weg terug<\/strong><\/p>\n\n\n\n<p>In mijn zoektocht naar herstel vond ik houvast in de natuur. Daar hoefde ik niets te zijn, behalve mezelf. Geen oordelen of verwachtingen. Alleen maar zijn.<\/p>\n\n\n\n<p>Samen met professionele hulp leerde ik beter luisteren naar mijn lichaam, zachter te worden voor mezelf en ruimte te maken voor wat er echt toe doet. De natuur hielp me vertragen, aarden en weer terugkomen in mijn lijf. En dus terug bij mezelf. Het resulteerde in meer energie, minder hoofdpijn en meer mijn authentieke zelf kunnen en mogen omarmen.<\/p>\n\n\n\n<p>Wat ook hielp om ruimte in m\u2019n hoofd te cre\u00ebren, was het schrijven van po\u00ebzie. Al van jongs af aan schreef ik informatieve artikelen en later ook po\u00ebzie, maar tijdens de moeilijke periode kreeg mijn schrijven een nieuwe betekenis. In mijn gedichten kon ik werelden maken waar de natuur centraal stond, een fijne plek om te zijn.<\/p>\n\n\n\n<p><strong>Wat ik nu weet<\/strong><\/p>\n\n\n\n<p>Vandaag de dag heb ik twee trouwe metgezellen: de natuur en de taal. Beiden helpen me thuiskomen bij mezelf. En ik gun dat anderen ook.<\/p>\n\n\n\n<p>De wereld vraagt veel. We leven snel, veel en vaak in ons hoofd. Maar er is veel mogelijk als je leert afstemmen op je eigen ritme en lichaam, met behulp van de natuur of taal.<\/p>\n\n\n\n<p>Misschien herken jij je wel in mijn verhaal. Misschien voel jij ook dat het anders kan en mag. Neem contact op om te kijken wat ik voor je kan betekenen. <\/p>\n\n\n\n<p><\/p>\n\n\n\n<p><\/p>\n<\/details>\n\n\n\n<p>Voel je welkom een kijkje te nemen op de andere pagina&#8217;s en mijn Instagram of LinkedIn (zie balk bovenin) of neem contact op met mij via onderstaand contactformulier of bel naar 06-20574366.<\/p>\n\n\n\n<details class=\"wp-block-details is-layout-flow wp-block-details-is-layout-flow\"><summary>Contactformulier<\/summary><style id=\"wpforms-css-vars-189-block-e193d241-6864-4226-b922-904822ae1189\">\n\t\t\t\t#wpforms-189.wpforms-block-e193d241-6864-4226-b922-904822ae1189 {\n\t\t\t\t--wpforms-field-size-input-height: 43px;\n--wpforms-field-size-input-spacing: 15px;\n--wpforms-field-size-font-size: 16px;\n--wpforms-field-size-line-height: 19px;\n--wpforms-field-size-padding-h: 14px;\n--wpforms-field-size-checkbox-size: 16px;\n--wpforms-field-size-sublabel-spacing: 5px;\n--wpforms-field-size-icon-size: 1;\n--wpforms-label-size-font-size: 16px;\n--wpforms-label-size-line-height: 19px;\n--wpforms-label-size-sublabel-font-size: 14px;\n--wpforms-label-size-sublabel-line-height: 17px;\n--wpforms-button-size-font-size: 17px;\n--wpforms-button-size-height: 41px;\n--wpforms-button-size-padding-h: 15px;\n--wpforms-button-size-margin-top: 10px;\n\t\t\t}\n\t\t\t<\/style><div class=\"wpforms-container wpforms-container-full wpforms-block wpforms-block-e193d241-6864-4226-b922-904822ae1189 wpforms-render-modern\" id=\"wpforms-189\"><form id=\"wpforms-form-189\" class=\"wpforms-validate wpforms-form wpforms-ajax-form\" data-formid=\"189\" method=\"post\" enctype=\"multipart\/form-data\" action=\"\/index.php\/wp-json\/wp\/v2\/pages\/36\" data-token=\"5054eed86dbc1b0a7e8bc0ee4ac09a3a\" data-token-time=\"1776853317\"><noscript class=\"wpforms-error-noscript\">Schakel JavaScript in je browser in om dit formulier in te vullen.<\/noscript><div id=\"wpforms-error-noscript\" style=\"display: none;\">Schakel JavaScript in je browser in om dit formulier in te vullen.<\/div><div class=\"wpforms-field-container\"><div id=\"wpforms-189-field_1-container\" class=\"wpforms-field wpforms-field-name\" data-field-id=\"1\"><label class=\"wpforms-field-label\" for=\"wpforms-189-field_1\">Naam <span class=\"wpforms-required-label\" aria-hidden=\"true\">*<\/span><\/label><input type=\"text\" id=\"wpforms-189-field_1\" class=\"wpforms-field-medium wpforms-field-required\" name=\"wpforms[fields][1]\" aria-errormessage=\"wpforms-189-field_1-error\" required><\/div>\t\t<div id=\"wpforms-189-field_4-container\"\n\t\t\tclass=\"wpforms-field wpforms-field-text\"\n\t\t\tdata-field-type=\"text\"\n\t\t\tdata-field-id=\"4\"\n\t\t\t>\n\t\t\t<label class=\"wpforms-field-label\" for=\"wpforms-189-field_4\" >opmerking, graag Heb<\/label>\n\t\t\t<input type=\"text\" id=\"wpforms-189-field_4\" class=\"wpforms-field-medium\" name=\"wpforms[fields][4]\" >\n\t\t<\/div>\n\t\t<div id=\"wpforms-189-field_2-container\" class=\"wpforms-field wpforms-field-email\" data-field-id=\"2\"><label class=\"wpforms-field-label\" for=\"wpforms-189-field_2\">E-mail <span class=\"wpforms-required-label\" aria-hidden=\"true\">*<\/span><\/label><input type=\"email\" id=\"wpforms-189-field_2\" class=\"wpforms-field-medium wpforms-field-required\" name=\"wpforms[fields][2]\" spellcheck=\"false\" aria-errormessage=\"wpforms-189-field_2-error\" required><\/div><div id=\"wpforms-189-field_3-container\" class=\"wpforms-field wpforms-field-textarea\" data-field-id=\"3\"><label class=\"wpforms-field-label\" for=\"wpforms-189-field_3\">Heb je een opmerking, bestelling of vraag? Ik hoor het graag  <span class=\"wpforms-required-label\" aria-hidden=\"true\">*<\/span><\/label><textarea id=\"wpforms-189-field_3\" class=\"wpforms-field-medium wpforms-field-required\" name=\"wpforms[fields][3]\" aria-errormessage=\"wpforms-189-field_3-error\" required><\/textarea><\/div><script>\n\t\t\t\t( function() {\n\t\t\t\t\tconst style = document.createElement( 'style' );\n\t\t\t\t\tstyle.appendChild( document.createTextNode( '#wpforms-189-field_4-container { position: absolute !important; overflow: hidden !important; display: inline !important; height: 1px !important; width: 1px !important; z-index: -1000 !important; padding: 0 !important; } #wpforms-189-field_4-container input { visibility: hidden; } #wpforms-conversational-form-page #wpforms-189-field_4-container label { counter-increment: none; }' ) );\n\t\t\t\t\tdocument.head.appendChild( style );\n\t\t\t\t\tdocument.currentScript?.remove();\n\t\t\t\t} )();\n\t\t\t<\/script><\/div><!-- .wpforms-field-container --><div class=\"wpforms-submit-container\" ><input type=\"hidden\" name=\"wpforms[id]\" value=\"189\"><input type=\"hidden\" name=\"page_title\" value=\"\"><input type=\"hidden\" name=\"page_url\" value=\"https:\/\/metbuitennaarbinnen.nl\/index.php\/wp-json\/wp\/v2\/pages\/36\"><input type=\"hidden\" name=\"url_referer\" value=\"\"><button type=\"submit\" name=\"wpforms[submit]\" id=\"wpforms-submit-189\" class=\"wpforms-submit\" data-alt-text=\"Verzenden...\" data-submit-text=\"Verzend\" aria-live=\"assertive\" value=\"wpforms-submit\">Verzend<\/button><img loading=\"lazy\" decoding=\"async\" src=\"https:\/\/metbuitennaarbinnen.nl\/wp-content\/plugins\/wpforms-lite\/assets\/images\/submit-spin.svg\" class=\"wpforms-submit-spinner\" style=\"display: none;\" width=\"26\" height=\"26\" alt=\"Aan het laden\"><\/div><\/form><\/div>  <!-- .wpforms-container -->\n\n\n<p><\/p>\n<\/details>\n\n\n\n<iframe loading=\"lazy\" src=\"https:\/\/dichterbijdaan.substack.com\/embed\" width=\"480\" height=\"320\" style=\"border: 1px solid #EEE; background: white\" frameborder=\"0\" scrolling=\"no\"><\/iframe>\n\n\n\n<!-- JSON-LD-markeringen gegenereerd door Google Opmaakhulp voor het structureren van data. -->\n<script type=\"application\/ld+json\">\n{\n  \"@context\": \"http:\/\/schema.org\",\n  \"@type\": \"LocalBusiness\",\n  \"name\": \"met buiten naar binnen\",\n  \"telephone\": \"06-20574366\",\n  \"address\": {\n    \"@type\": \"PostalAddress\",\n    \"addressLocality\": \"Eindhoven\"\n  }\n}\n<\/script>\n","protected":false},"excerpt":{"rendered":"<p>Hoi, ik ben Daan. Afgelopen jaren heb ik verschillende paden bewandeld, het ene pad kronkeliger dan het andere (zie ook mijn verhaal hieronder). Het heeft me gebracht tot het starten met: Met buiten naar binnen. Dit is voor mij de manier om mijn steentje bij te kunnen dragen aan een zachtere, liefdevollere wereld, waarin meer [&hellip;]<\/p>\n","protected":false},"author":1,"featured_media":110,"parent":0,"menu_order":2,"comment_status":"closed","ping_status":"closed","template":"","meta":{"footnotes":""},"class_list":["post-36","page","type-page","status-publish","has-post-thumbnail","hentry"],"yoast_head":"<!-- This site is optimized with the Yoast SEO plugin v27.4 - https:\/\/yoast.com\/product\/yoast-seo-wordpress\/ -->\n<title>Persoonlijk - met buiten naar binnen<\/title>\n<meta name=\"description\" content=\"Kom meer te weten over het persoonlijke leven van Daan Smetsers, de persoon achter Met buiten naar binnnen.\" \/>\n<meta name=\"robots\" content=\"index, follow, max-snippet:-1, max-image-preview:large, max-video-preview:-1\" \/>\n<link rel=\"canonical\" href=\"https:\/\/metbuitennaarbinnen.nl\/index.php\/persoonlijk\/\" \/>\n<meta property=\"og:locale\" content=\"nl_NL\" \/>\n<meta property=\"og:type\" content=\"article\" \/>\n<meta property=\"og:title\" content=\"Persoonlijk - met buiten naar binnen\" \/>\n<meta property=\"og:description\" content=\"Kom meer te weten over het persoonlijke leven van Daan Smetsers, de persoon achter Met buiten naar binnnen.\" \/>\n<meta property=\"og:url\" content=\"https:\/\/metbuitennaarbinnen.nl\/index.php\/persoonlijk\/\" \/>\n<meta property=\"og:site_name\" content=\"met buiten naar binnen\" \/>\n<meta property=\"article:modified_time\" content=\"2026-04-02T13:55:25+00:00\" \/>\n<meta property=\"og:image\" content=\"https:\/\/metbuitennaarbinnen.nl\/wp-content\/uploads\/2025\/08\/powershot_img_1736-2-scaled.jpg\" \/>\n\t<meta property=\"og:image:width\" content=\"2560\" \/>\n\t<meta property=\"og:image:height\" content=\"1920\" \/>\n\t<meta property=\"og:image:type\" content=\"image\/jpeg\" \/>\n<meta name=\"twitter:card\" content=\"summary_large_image\" \/>\n<meta name=\"twitter:label1\" content=\"Geschatte leestijd\" \/>\n\t<meta name=\"twitter:data1\" content=\"5 minuten\" \/>\n<script type=\"application\/ld+json\" class=\"yoast-schema-graph\">{\"@context\":\"https:\\\/\\\/schema.org\",\"@graph\":[{\"@type\":\"WebPage\",\"@id\":\"https:\\\/\\\/metbuitennaarbinnen.nl\\\/index.php\\\/persoonlijk\\\/\",\"url\":\"https:\\\/\\\/metbuitennaarbinnen.nl\\\/index.php\\\/persoonlijk\\\/\",\"name\":\"Persoonlijk - met buiten naar binnen\",\"isPartOf\":{\"@id\":\"https:\\\/\\\/metbuitennaarbinnen.nl\\\/#website\"},\"primaryImageOfPage\":{\"@id\":\"https:\\\/\\\/metbuitennaarbinnen.nl\\\/index.php\\\/persoonlijk\\\/#primaryimage\"},\"image\":{\"@id\":\"https:\\\/\\\/metbuitennaarbinnen.nl\\\/index.php\\\/persoonlijk\\\/#primaryimage\"},\"thumbnailUrl\":\"https:\\\/\\\/metbuitennaarbinnen.nl\\\/wp-content\\\/uploads\\\/2025\\\/08\\\/powershot_img_1736-2-scaled.jpg\",\"datePublished\":\"2025-07-02T12:18:16+00:00\",\"dateModified\":\"2026-04-02T13:55:25+00:00\",\"description\":\"Kom meer te weten over het persoonlijke leven van Daan Smetsers, de persoon achter Met buiten naar binnnen.\",\"breadcrumb\":{\"@id\":\"https:\\\/\\\/metbuitennaarbinnen.nl\\\/index.php\\\/persoonlijk\\\/#breadcrumb\"},\"inLanguage\":\"nl-NL\",\"potentialAction\":[{\"@type\":\"ReadAction\",\"target\":[\"https:\\\/\\\/metbuitennaarbinnen.nl\\\/index.php\\\/persoonlijk\\\/\"]}]},{\"@type\":\"ImageObject\",\"inLanguage\":\"nl-NL\",\"@id\":\"https:\\\/\\\/metbuitennaarbinnen.nl\\\/index.php\\\/persoonlijk\\\/#primaryimage\",\"url\":\"https:\\\/\\\/metbuitennaarbinnen.nl\\\/wp-content\\\/uploads\\\/2025\\\/08\\\/powershot_img_1736-2-scaled.jpg\",\"contentUrl\":\"https:\\\/\\\/metbuitennaarbinnen.nl\\\/wp-content\\\/uploads\\\/2025\\\/08\\\/powershot_img_1736-2-scaled.jpg\",\"width\":2560,\"height\":1920},{\"@type\":\"BreadcrumbList\",\"@id\":\"https:\\\/\\\/metbuitennaarbinnen.nl\\\/index.php\\\/persoonlijk\\\/#breadcrumb\",\"itemListElement\":[{\"@type\":\"ListItem\",\"position\":1,\"name\":\"Home\",\"item\":\"https:\\\/\\\/metbuitennaarbinnen.nl\\\/\"},{\"@type\":\"ListItem\",\"position\":2,\"name\":\"Persoonlijk\"}]},{\"@type\":\"WebSite\",\"@id\":\"https:\\\/\\\/metbuitennaarbinnen.nl\\\/#website\",\"url\":\"https:\\\/\\\/metbuitennaarbinnen.nl\\\/\",\"name\":\"met buiten naar binnen\",\"description\":\"natuurcoaching en po\u00ebzie Eindhoven\",\"publisher\":{\"@id\":\"https:\\\/\\\/metbuitennaarbinnen.nl\\\/#organization\"},\"potentialAction\":[{\"@type\":\"SearchAction\",\"target\":{\"@type\":\"EntryPoint\",\"urlTemplate\":\"https:\\\/\\\/metbuitennaarbinnen.nl\\\/?s={search_term_string}\"},\"query-input\":{\"@type\":\"PropertyValueSpecification\",\"valueRequired\":true,\"valueName\":\"search_term_string\"}}],\"inLanguage\":\"nl-NL\"},{\"@type\":\"Organization\",\"@id\":\"https:\\\/\\\/metbuitennaarbinnen.nl\\\/#organization\",\"name\":\"met buiten naar binnen\",\"url\":\"https:\\\/\\\/metbuitennaarbinnen.nl\\\/\",\"logo\":{\"@type\":\"ImageObject\",\"inLanguage\":\"nl-NL\",\"@id\":\"https:\\\/\\\/metbuitennaarbinnen.nl\\\/#\\\/schema\\\/logo\\\/image\\\/\",\"url\":\"https:\\\/\\\/metbuitennaarbinnen.nl\\\/wp-content\\\/uploads\\\/2025\\\/07\\\/logo-png-scaled.png\",\"contentUrl\":\"https:\\\/\\\/metbuitennaarbinnen.nl\\\/wp-content\\\/uploads\\\/2025\\\/07\\\/logo-png-scaled.png\",\"width\":2365,\"height\":2560,\"caption\":\"met buiten naar binnen\"},\"image\":{\"@id\":\"https:\\\/\\\/metbuitennaarbinnen.nl\\\/#\\\/schema\\\/logo\\\/image\\\/\"}}]}<\/script>\n<!-- \/ Yoast SEO plugin. -->","yoast_head_json":{"title":"Persoonlijk - met buiten naar binnen","description":"Kom meer te weten over het persoonlijke leven van Daan Smetsers, de persoon achter Met buiten naar binnnen.","robots":{"index":"index","follow":"follow","max-snippet":"max-snippet:-1","max-image-preview":"max-image-preview:large","max-video-preview":"max-video-preview:-1"},"canonical":"https:\/\/metbuitennaarbinnen.nl\/index.php\/persoonlijk\/","og_locale":"nl_NL","og_type":"article","og_title":"Persoonlijk - met buiten naar binnen","og_description":"Kom meer te weten over het persoonlijke leven van Daan Smetsers, de persoon achter Met buiten naar binnnen.","og_url":"https:\/\/metbuitennaarbinnen.nl\/index.php\/persoonlijk\/","og_site_name":"met buiten naar binnen","article_modified_time":"2026-04-02T13:55:25+00:00","og_image":[{"width":2560,"height":1920,"url":"https:\/\/metbuitennaarbinnen.nl\/wp-content\/uploads\/2025\/08\/powershot_img_1736-2-scaled.jpg","type":"image\/jpeg"}],"twitter_card":"summary_large_image","twitter_misc":{"Geschatte leestijd":"5 minuten"},"schema":{"@context":"https:\/\/schema.org","@graph":[{"@type":"WebPage","@id":"https:\/\/metbuitennaarbinnen.nl\/index.php\/persoonlijk\/","url":"https:\/\/metbuitennaarbinnen.nl\/index.php\/persoonlijk\/","name":"Persoonlijk - met buiten naar binnen","isPartOf":{"@id":"https:\/\/metbuitennaarbinnen.nl\/#website"},"primaryImageOfPage":{"@id":"https:\/\/metbuitennaarbinnen.nl\/index.php\/persoonlijk\/#primaryimage"},"image":{"@id":"https:\/\/metbuitennaarbinnen.nl\/index.php\/persoonlijk\/#primaryimage"},"thumbnailUrl":"https:\/\/metbuitennaarbinnen.nl\/wp-content\/uploads\/2025\/08\/powershot_img_1736-2-scaled.jpg","datePublished":"2025-07-02T12:18:16+00:00","dateModified":"2026-04-02T13:55:25+00:00","description":"Kom meer te weten over het persoonlijke leven van Daan Smetsers, de persoon achter Met buiten naar binnnen.","breadcrumb":{"@id":"https:\/\/metbuitennaarbinnen.nl\/index.php\/persoonlijk\/#breadcrumb"},"inLanguage":"nl-NL","potentialAction":[{"@type":"ReadAction","target":["https:\/\/metbuitennaarbinnen.nl\/index.php\/persoonlijk\/"]}]},{"@type":"ImageObject","inLanguage":"nl-NL","@id":"https:\/\/metbuitennaarbinnen.nl\/index.php\/persoonlijk\/#primaryimage","url":"https:\/\/metbuitennaarbinnen.nl\/wp-content\/uploads\/2025\/08\/powershot_img_1736-2-scaled.jpg","contentUrl":"https:\/\/metbuitennaarbinnen.nl\/wp-content\/uploads\/2025\/08\/powershot_img_1736-2-scaled.jpg","width":2560,"height":1920},{"@type":"BreadcrumbList","@id":"https:\/\/metbuitennaarbinnen.nl\/index.php\/persoonlijk\/#breadcrumb","itemListElement":[{"@type":"ListItem","position":1,"name":"Home","item":"https:\/\/metbuitennaarbinnen.nl\/"},{"@type":"ListItem","position":2,"name":"Persoonlijk"}]},{"@type":"WebSite","@id":"https:\/\/metbuitennaarbinnen.nl\/#website","url":"https:\/\/metbuitennaarbinnen.nl\/","name":"met buiten naar binnen","description":"natuurcoaching en po\u00ebzie Eindhoven","publisher":{"@id":"https:\/\/metbuitennaarbinnen.nl\/#organization"},"potentialAction":[{"@type":"SearchAction","target":{"@type":"EntryPoint","urlTemplate":"https:\/\/metbuitennaarbinnen.nl\/?s={search_term_string}"},"query-input":{"@type":"PropertyValueSpecification","valueRequired":true,"valueName":"search_term_string"}}],"inLanguage":"nl-NL"},{"@type":"Organization","@id":"https:\/\/metbuitennaarbinnen.nl\/#organization","name":"met buiten naar binnen","url":"https:\/\/metbuitennaarbinnen.nl\/","logo":{"@type":"ImageObject","inLanguage":"nl-NL","@id":"https:\/\/metbuitennaarbinnen.nl\/#\/schema\/logo\/image\/","url":"https:\/\/metbuitennaarbinnen.nl\/wp-content\/uploads\/2025\/07\/logo-png-scaled.png","contentUrl":"https:\/\/metbuitennaarbinnen.nl\/wp-content\/uploads\/2025\/07\/logo-png-scaled.png","width":2365,"height":2560,"caption":"met buiten naar binnen"},"image":{"@id":"https:\/\/metbuitennaarbinnen.nl\/#\/schema\/logo\/image\/"}}]}},"_links":{"self":[{"href":"https:\/\/metbuitennaarbinnen.nl\/index.php\/wp-json\/wp\/v2\/pages\/36","targetHints":{"allow":["GET"]}}],"collection":[{"href":"https:\/\/metbuitennaarbinnen.nl\/index.php\/wp-json\/wp\/v2\/pages"}],"about":[{"href":"https:\/\/metbuitennaarbinnen.nl\/index.php\/wp-json\/wp\/v2\/types\/page"}],"author":[{"embeddable":true,"href":"https:\/\/metbuitennaarbinnen.nl\/index.php\/wp-json\/wp\/v2\/users\/1"}],"replies":[{"embeddable":true,"href":"https:\/\/metbuitennaarbinnen.nl\/index.php\/wp-json\/wp\/v2\/comments?post=36"}],"version-history":[{"count":16,"href":"https:\/\/metbuitennaarbinnen.nl\/index.php\/wp-json\/wp\/v2\/pages\/36\/revisions"}],"predecessor-version":[{"id":435,"href":"https:\/\/metbuitennaarbinnen.nl\/index.php\/wp-json\/wp\/v2\/pages\/36\/revisions\/435"}],"wp:featuredmedia":[{"embeddable":true,"href":"https:\/\/metbuitennaarbinnen.nl\/index.php\/wp-json\/wp\/v2\/media\/110"}],"wp:attachment":[{"href":"https:\/\/metbuitennaarbinnen.nl\/index.php\/wp-json\/wp\/v2\/media?parent=36"}],"curies":[{"name":"wp","href":"https:\/\/api.w.org\/{rel}","templated":true}]}}